{"id":508,"date":"2021-12-06T10:21:12","date_gmt":"2021-12-06T09:21:12","guid":{"rendered":"https:\/\/www.woodspac.cz\/wood-spac-one\/"},"modified":"2024-05-27T12:00:36","modified_gmt":"2024-05-27T10:00:36","slug":"wood-spac-one","status":"publish","type":"page","link":"https:\/\/www.woodspac.cz\/en\/","title":{"rendered":"Wood SPAC One"},"content":{"rendered":"","protected":false},"excerpt":{"rendered":"","protected":false},"author":3,"featured_media":0,"parent":0,"menu_order":0,"comment_status":"closed","ping_status":"closed","template":"","meta":{"footnotes":""},"class_list":["post-508","page","type-page","status-publish","hentry"],"yoast_head":"\n<title>Wood SPAC One - WOOD SPAC One<\/title>\n<meta name=\"robots\" content=\"index, follow, max-snippet:-1, max-image-preview:large, max-video-preview:-1\" \/>\n<link rel=\"canonical\" href=\"https:\/\/www.woodspac.cz\/en\/\" \/>\n<meta property=\"og:locale\" content=\"en_US\" \/>\n<meta property=\"og:type\" content=\"article\" \/>\n<meta property=\"og:title\" content=\"Wood SPAC One - WOOD SPAC One\" \/>\n<meta property=\"og:url\" content=\"https:\/\/www.woodspac.cz\/en\/\" \/>\n<meta property=\"og:site_name\" content=\"WOOD SPAC One\" \/>\n<meta property=\"article:modified_time\" content=\"2024-05-27T10:00:36+00:00\" \/>\n<meta name=\"twitter:card\" content=\"summary_large_image\" \/>\n<script type=\"application\/ld+json\" class=\"yoast-schema-graph\">{\"@context\":\"https:\/\/schema.org\",\"@graph\":[{\"@type\":\"WebPage\",\"@id\":\"https:\/\/www.woodspac.cz\/en\/\",\"url\":\"https:\/\/www.woodspac.cz\/en\/\",\"name\":\"Wood SPAC One - WOOD SPAC One\",\"isPartOf\":{\"@id\":\"https:\/\/www.woodspac.cz\/#website\"},\"datePublished\":\"2021-12-06T09:21:12+00:00\",\"dateModified\":\"2024-05-27T10:00:36+00:00\",\"breadcrumb\":{\"@id\":\"https:\/\/www.woodspac.cz\/en\/#breadcrumb\"},\"inLanguage\":\"EN\",\"potentialAction\":[{\"@type\":\"ReadAction\",\"target\":[\"https:\/\/www.woodspac.cz\/en\/\"]}]},{\"@type\":\"BreadcrumbList\",\"@id\":\"https:\/\/www.woodspac.cz\/en\/#breadcrumb\",\"itemListElement\":[{\"@type\":\"ListItem\",\"position\":1,\"name\":\"Dom\u016f\",\"item\":\"https:\/\/www.woodspac.cz\/en\/\"},{\"@type\":\"ListItem\",\"position\":2,\"name\":\"Wood SPAC One\"}]},{\"@type\":\"WebSite\",\"@id\":\"https:\/\/www.woodspac.cz\/#website\",\"url\":\"https:\/\/www.woodspac.cz\/\",\"name\":\"WOOD SPAC One\",\"description\":\"Celosv\u011btov\u011b popul\u00e1rn\u00ed investi\u010dn\u00ed koncept SPAC vstupuje  do st\u0159edn\u00ed Evropy\",\"potentialAction\":[{\"@type\":\"SearchAction\",\"target\":{\"@type\":\"EntryPoint\",\"urlTemplate\":\"https:\/\/www.woodspac.cz\/?s={search_term_string}\"},\"query-input\":{\"@type\":\"PropertyValueSpecification\",\"valueRequired\":true,\"valueName\":\"search_term_string\"}}],\"inLanguage\":\"EN\"}]}<\/script>\n","yoast_head_json":{"title":"Wood SPAC One - WOOD SPAC One","robots":{"index":"index","follow":"follow","max-snippet":"max-snippet:-1","max-image-preview":"max-image-preview:large","max-video-preview":"max-video-preview:-1"},"canonical":"https:\/\/www.woodspac.cz\/en\/","og_locale":"en_US","og_type":"article","og_title":"Wood SPAC One - WOOD SPAC One","og_url":"https:\/\/www.woodspac.cz\/en\/","og_site_name":"WOOD SPAC One","article_modified_time":"2024-05-27T10:00:36+00:00","twitter_card":"summary_large_image","schema":{"@context":"https:\/\/schema.org","@graph":[{"@type":"WebPage","@id":"https:\/\/www.woodspac.cz\/en\/","url":"https:\/\/www.woodspac.cz\/en\/","name":"Wood SPAC One - WOOD SPAC One","isPartOf":{"@id":"https:\/\/www.woodspac.cz\/#website"},"datePublished":"2021-12-06T09:21:12+00:00","dateModified":"2024-05-27T10:00:36+00:00","breadcrumb":{"@id":"https:\/\/www.woodspac.cz\/en\/#breadcrumb"},"inLanguage":"EN","potentialAction":[{"@type":"ReadAction","target":["https:\/\/www.woodspac.cz\/en\/"]}]},{"@type":"BreadcrumbList","@id":"https:\/\/www.woodspac.cz\/en\/#breadcrumb","itemListElement":[{"@type":"ListItem","position":1,"name":"Dom\u016f","item":"https:\/\/www.woodspac.cz\/en\/"},{"@type":"ListItem","position":2,"name":"Wood SPAC One"}]},{"@type":"WebSite","@id":"https:\/\/www.woodspac.cz\/#website","url":"https:\/\/www.woodspac.cz\/","name":"WOOD SPAC One","description":"Celosv\u011btov\u011b popul\u00e1rn\u00ed investi\u010dn\u00ed koncept SPAC vstupuje do st\u0159edn\u00ed Evropy","potentialAction":[{"@type":"SearchAction","target":{"@type":"EntryPoint","urlTemplate":"https:\/\/www.woodspac.cz\/?s={search_term_string}"},"query-input":{"@type":"PropertyValueSpecification","valueRequired":true,"valueName":"search_term_string"}}],"inLanguage":"EN"}]}},"_links":{"self":[{"href":"https:\/\/www.woodspac.cz\/en\/wp-json\/wp\/v2\/pages\/508","targetHints":{"allow":["GET"]}}],"collection":[{"href":"https:\/\/www.woodspac.cz\/en\/wp-json\/wp\/v2\/pages"}],"about":[{"href":"https:\/\/www.woodspac.cz\/en\/wp-json\/wp\/v2\/types\/page"}],"author":[{"embeddable":true,"href":"https:\/\/www.woodspac.cz\/en\/wp-json\/wp\/v2\/users\/3"}],"replies":[{"embeddable":true,"href":"https:\/\/www.woodspac.cz\/en\/wp-json\/wp\/v2\/comments?post=508"}],"version-history":[{"count":75,"href":"https:\/\/www.woodspac.cz\/en\/wp-json\/wp\/v2\/pages\/508\/revisions"}],"predecessor-version":[{"id":2074,"href":"https:\/\/www.woodspac.cz\/en\/wp-json\/wp\/v2\/pages\/508\/revisions\/2074"}],"wp:attachment":[{"href":"https:\/\/www.woodspac.cz\/en\/wp-json\/wp\/v2\/media?parent=508"}],"curies":[{"name":"wp","href":"https:\/\/api.w.org\/{rel}","templated":true}]}}