{"id":507,"date":"2021-12-06T09:46:11","date_gmt":"2021-12-06T08:46:11","guid":{"rendered":"https:\/\/www.woodspac.cz\/podminky-pouzivani\/"},"modified":"2022-02-03T13:14:46","modified_gmt":"2022-02-03T12:14:46","slug":"terms-of-use","status":"publish","type":"page","link":"https:\/\/www.woodspac.cz\/en\/terms-of-use\/","title":{"rendered":"Terms of Use"},"content":{"rendered":"<p style=\"text-align: left;\">This WOOD SPAC website (the &#8220;<strong>site<\/strong>&#8220;) is operated by WOOD &amp; Company Financial Services, a.s. (&#8220;<strong>WOOD &amp; Company<\/strong>&#8220;).<\/p>\n<p style=\"text-align: left;\">The operator hereby issues these terms of use for the site (&#8220;<strong>terms<\/strong>&#8220;), which apply to all persons using the site (&#8220;<strong>users<\/strong>&#8220;). Users are required to familiarise themselves with the contents of the terms.<\/p>\n<p style=\"text-align: left;\">The data and information contained in the site are for informational purposes only.<\/p>\n<p style=\"text-align: left;\">The users of the site (hereinafter the \u201cusers\u201d) may copy said data and information \u2013 in whole or in any part \u2013 for personal use only; they are not allowed to record it on any storage device or to copy, distribute or otherwise use it for commercial purposes without the prior written consent of WOOD &amp; Company.<\/p>\n<p style=\"text-align: left;\">The information provided through the site is not to be understood as a public offering of financial products.<\/p>\n<p style=\"text-align: left;\">Analyses and conclusions are of general nature and do not take into account individual needs of our investors regarding yields, taxes or acceptable risks, nor whether any mentioned financial products or transactions are suitable or appropriate investments for them. The stated performances and sample calculations are not reliable for estimates of future performances. Previous performances do not have to indicate future performances and transactions of financial products.<\/p>\n<p style=\"text-align: left;\">The provided information should not be understood as personal investment advice or recommendation, purchase, or sale offer; persuasion or recommendation to subscribe an offer, purchase, or sale, or to participate in any financial products.<\/p>\n<p style=\"text-align: left;\">The use of the data and the information contained on the site for personal investment decision-making purposes is done at the users\u2019 own risk.<\/p>\n<p style=\"text-align: left;\">Before entering any financial transaction directly or indirectly based on the information provided through any section of the site, users are advised to contact their authorised financial broker for the confirmation of the validity and accuracy of the said information and of the appropriateness of any such operations in view of the users\u2019 personal needs, income, and economic or financial conditions.<\/p>\n<p style=\"text-align: left;\">The information contained in the site is provided by Group sources. WOOD &amp; Company reserves the right to modify, at any time, at its own discretion and without any notice, the said information and the functional and operational use specifications applying to the site.<\/p>\n<p style=\"text-align: left;\">WOOD &amp; Company shall do its best to ensure the reliability, the correctness, the accuracy, and the updating of the information provided through the site. WOOD &amp; Company shall not be responsible for any error or imprecision in the content of the site.<\/p>\n<p style=\"text-align: left;\">WOOD &amp; Company shall not be responsible either for the contents of any other website from which the Users may have accessed \u2013 via hyperlinks \u2013 the site or for the contents of any website accessed \u2013 via hyperlinks \u2013through the site. WOOD &amp; Company shall not be responsible for any loss or damage suffered, for whatever reason, by the users arising from the websites accessed.<\/p>\n<p style=\"text-align: left;\">Furthermore, WOOD &amp; Company accepts no responsibility for any untoward consequences of brief or prolonged interruptions, delays, or internet dysfunctions on the site due to power blackouts, telephone line failures, internet failures or circumstances beyond the control of WOOD &amp; Company.<\/p>\n<p style=\"text-align: left;\">For any further information or explanations, please contact the operators indicated in the &#8220;Contacts&#8221; section of the Site.<\/p>\n","protected":false},"excerpt":{"rendered":"<p>This WOOD SPAC website (the &#8220;site&#8220;) is operated by WOOD &amp; Company Financial Services, a.s. (&#8220;WOOD &amp; Company&#8220;). The operator hereby issues these terms of use for the site (&#8220;terms&#8220;), which apply to all persons using the site (&#8220;users&#8220;). Users are required to familiarise themselves with the contents of the terms. The data and information contained in the site are for informational purposes only. The users of the site (hereinafter the \u201cusers\u201d) may copy said data and information \u2013 in whole or in any part \u2013 for personal use only; [&hellip;]<\/p>\n","protected":false},"author":3,"featured_media":0,"parent":0,"menu_order":0,"comment_status":"closed","ping_status":"open","template":"cookies.php","meta":{"footnotes":""},"class_list":["post-507","page","type-page","status-publish","hentry"],"yoast_head":"\n<title>Terms of Use - WOOD SPAC One<\/title>\n<meta name=\"robots\" content=\"index, follow, max-snippet:-1, max-image-preview:large, max-video-preview:-1\" \/>\n<link rel=\"canonical\" href=\"https:\/\/www.woodspac.cz\/en\/terms-of-use\/\" \/>\n<meta property=\"og:locale\" content=\"en_US\" \/>\n<meta property=\"og:type\" content=\"article\" \/>\n<meta property=\"og:title\" content=\"Terms of Use - WOOD SPAC One\" \/>\n<meta property=\"og:description\" content=\"This WOOD SPAC website (the &#8220;site&#8220;) is operated by WOOD &amp; Company Financial Services, a.s. (&#8220;WOOD &amp; Company&#8220;). The operator hereby issues these terms of use for the site (&#8220;terms&#8220;), which apply to all persons using the site (&#8220;users&#8220;). Users are required to familiarise themselves with the contents of the terms. The data and information contained in the site are for informational purposes only. The users of the site (hereinafter the \u201cusers\u201d) may copy said data and information \u2013 in whole or in any part \u2013 for personal use only; [&hellip;]\" \/>\n<meta property=\"og:url\" content=\"https:\/\/www.woodspac.cz\/en\/terms-of-use\/\" \/>\n<meta property=\"og:site_name\" content=\"WOOD SPAC One\" \/>\n<meta property=\"article:modified_time\" content=\"2022-02-03T12:14:46+00:00\" \/>\n<meta name=\"twitter:card\" content=\"summary_large_image\" \/>\n<meta name=\"twitter:label1\" content=\"Est. reading time\" \/>\n\t<meta name=\"twitter:data1\" content=\"3 minutes\" \/>\n<script type=\"application\/ld+json\" class=\"yoast-schema-graph\">{\"@context\":\"https:\/\/schema.org\",\"@graph\":[{\"@type\":\"WebPage\",\"@id\":\"https:\/\/www.woodspac.cz\/en\/terms-of-use\/\",\"url\":\"https:\/\/www.woodspac.cz\/en\/terms-of-use\/\",\"name\":\"Terms of Use - WOOD SPAC One\",\"isPartOf\":{\"@id\":\"https:\/\/www.woodspac.cz\/#website\"},\"datePublished\":\"2021-12-06T08:46:11+00:00\",\"dateModified\":\"2022-02-03T12:14:46+00:00\",\"breadcrumb\":{\"@id\":\"https:\/\/www.woodspac.cz\/en\/terms-of-use\/#breadcrumb\"},\"inLanguage\":\"EN\",\"potentialAction\":[{\"@type\":\"ReadAction\",\"target\":[\"https:\/\/www.woodspac.cz\/en\/terms-of-use\/\"]}]},{\"@type\":\"BreadcrumbList\",\"@id\":\"https:\/\/www.woodspac.cz\/en\/terms-of-use\/#breadcrumb\",\"itemListElement\":[{\"@type\":\"ListItem\",\"position\":1,\"name\":\"Dom\u016f\",\"item\":\"https:\/\/www.woodspac.cz\/en\/\"},{\"@type\":\"ListItem\",\"position\":2,\"name\":\"Terms of Use\"}]},{\"@type\":\"WebSite\",\"@id\":\"https:\/\/www.woodspac.cz\/#website\",\"url\":\"https:\/\/www.woodspac.cz\/\",\"name\":\"WOOD SPAC One\",\"description\":\"Celosv\u011btov\u011b popul\u00e1rn\u00ed investi\u010dn\u00ed koncept SPAC vstupuje  do st\u0159edn\u00ed Evropy\",\"potentialAction\":[{\"@type\":\"SearchAction\",\"target\":{\"@type\":\"EntryPoint\",\"urlTemplate\":\"https:\/\/www.woodspac.cz\/?s={search_term_string}\"},\"query-input\":{\"@type\":\"PropertyValueSpecification\",\"valueRequired\":true,\"valueName\":\"search_term_string\"}}],\"inLanguage\":\"EN\"}]}<\/script>\n","yoast_head_json":{"title":"Terms of Use - WOOD SPAC One","robots":{"index":"index","follow":"follow","max-snippet":"max-snippet:-1","max-image-preview":"max-image-preview:large","max-video-preview":"max-video-preview:-1"},"canonical":"https:\/\/www.woodspac.cz\/en\/terms-of-use\/","og_locale":"en_US","og_type":"article","og_title":"Terms of Use - WOOD SPAC One","og_description":"This WOOD SPAC website (the &#8220;site&#8220;) is operated by WOOD &amp; Company Financial Services, a.s. (&#8220;WOOD &amp; Company&#8220;). The operator hereby issues these terms of use for the site (&#8220;terms&#8220;), which apply to all persons using the site (&#8220;users&#8220;). Users are required to familiarise themselves with the contents of the terms. The data and information contained in the site are for informational purposes only. The users of the site (hereinafter the \u201cusers\u201d) may copy said data and information \u2013 in whole or in any part \u2013 for personal use only; [&hellip;]","og_url":"https:\/\/www.woodspac.cz\/en\/terms-of-use\/","og_site_name":"WOOD SPAC One","article_modified_time":"2022-02-03T12:14:46+00:00","twitter_card":"summary_large_image","twitter_misc":{"Est. reading time":"3 minutes"},"schema":{"@context":"https:\/\/schema.org","@graph":[{"@type":"WebPage","@id":"https:\/\/www.woodspac.cz\/en\/terms-of-use\/","url":"https:\/\/www.woodspac.cz\/en\/terms-of-use\/","name":"Terms of Use - WOOD SPAC One","isPartOf":{"@id":"https:\/\/www.woodspac.cz\/#website"},"datePublished":"2021-12-06T08:46:11+00:00","dateModified":"2022-02-03T12:14:46+00:00","breadcrumb":{"@id":"https:\/\/www.woodspac.cz\/en\/terms-of-use\/#breadcrumb"},"inLanguage":"EN","potentialAction":[{"@type":"ReadAction","target":["https:\/\/www.woodspac.cz\/en\/terms-of-use\/"]}]},{"@type":"BreadcrumbList","@id":"https:\/\/www.woodspac.cz\/en\/terms-of-use\/#breadcrumb","itemListElement":[{"@type":"ListItem","position":1,"name":"Dom\u016f","item":"https:\/\/www.woodspac.cz\/en\/"},{"@type":"ListItem","position":2,"name":"Terms of Use"}]},{"@type":"WebSite","@id":"https:\/\/www.woodspac.cz\/#website","url":"https:\/\/www.woodspac.cz\/","name":"WOOD SPAC One","description":"Celosv\u011btov\u011b popul\u00e1rn\u00ed investi\u010dn\u00ed koncept SPAC vstupuje do st\u0159edn\u00ed Evropy","potentialAction":[{"@type":"SearchAction","target":{"@type":"EntryPoint","urlTemplate":"https:\/\/www.woodspac.cz\/?s={search_term_string}"},"query-input":{"@type":"PropertyValueSpecification","valueRequired":true,"valueName":"search_term_string"}}],"inLanguage":"EN"}]}},"_links":{"self":[{"href":"https:\/\/www.woodspac.cz\/en\/wp-json\/wp\/v2\/pages\/507","targetHints":{"allow":["GET"]}}],"collection":[{"href":"https:\/\/www.woodspac.cz\/en\/wp-json\/wp\/v2\/pages"}],"about":[{"href":"https:\/\/www.woodspac.cz\/en\/wp-json\/wp\/v2\/types\/page"}],"author":[{"embeddable":true,"href":"https:\/\/www.woodspac.cz\/en\/wp-json\/wp\/v2\/users\/3"}],"replies":[{"embeddable":true,"href":"https:\/\/www.woodspac.cz\/en\/wp-json\/wp\/v2\/comments?post=507"}],"version-history":[{"count":3,"href":"https:\/\/www.woodspac.cz\/en\/wp-json\/wp\/v2\/pages\/507\/revisions"}],"predecessor-version":[{"id":662,"href":"https:\/\/www.woodspac.cz\/en\/wp-json\/wp\/v2\/pages\/507\/revisions\/662"}],"wp:attachment":[{"href":"https:\/\/www.woodspac.cz\/en\/wp-json\/wp\/v2\/media?parent=507"}],"curies":[{"name":"wp","href":"https:\/\/api.w.org\/{rel}","templated":true}]}}