{"id":505,"date":"2021-12-07T13:25:42","date_gmt":"2021-12-07T12:25:42","guid":{"rendered":"https:\/\/www.woodspac.cz\/cookies\/"},"modified":"2022-02-03T13:15:06","modified_gmt":"2022-02-03T12:15:06","slug":"cookies","status":"publish","type":"page","link":"https:\/\/www.woodspac.cz\/en\/cookies\/","title":{"rendered":"Information about cookies and&nbsp;how do we use them"},"content":{"rendered":"<p style=\"text-align: left;\">The WOOD &amp; Company Group websites use cookies in accordance with the law.<\/p>\n<h4 style=\"text-align: left;\">WHAT ARE COOKIES?<\/h4>\n<p style=\"text-align: left;\">A cookie is a small data file that a website\u2019s server sends to a search engine, which is then stored on the user\u2019s<br \/>\ncomputer. When the user visits the same website again, the search engine sends this data back to the website\u2019s<br \/>\nserver. Cookies are commonly used to tell users apart, store user settings etc., thereby simplifying website use.<br \/>\nCookies themselves pose no threat to computers. Nonetheless, cookies are important in relation to the issue of<br \/>\nprivacy protection, as a website uses cookies to store any information that it learns about the visitor, so it can<br \/>\ngradually ascertain a specific user\u2019s interests. However, cookies can, in no way, be used to discover the identity of a visitor.<\/p>\n<p style=\"text-align: left;\">Information obtained from cookies can be used for targeted advertising and statistical evaluation of the behaviour<br \/>\nof visitors, etc. However, this information can be obtained even without cookies; therefore, their use should not be<br \/>\nviewed as particularly threatening.<\/p>\n<h4 style=\"text-align: left;\">WHERE DO WE USE COOKIES?<\/h4>\n<p style=\"text-align: left;\">On the <a href=\"http:\/\/www.woodspac.cz\">woodspac.cz<\/a> website and other websites operated and supported by the WOOD &amp; Company group.<\/p>\n<h4 style=\"text-align: left;\">WHY DO WE USE COOKIES?<\/h4>\n<p style=\"text-align: left;\">In summary, cookies are used for the optimal set-up of the information provided via all websites, links and other parts of the website. Cookies do not slow down web browsing.<\/p>\n<h4 style=\"text-align: left;\">TECHNICAL COOKIES<\/h4>\n<p style=\"text-align: left;\">If your browser does not use cookies, the website will not work properly. For example, the site would not remember the data you have entered and you would have to re-enter it every time.<\/p>\n<h4 style=\"text-align: left;\">THIRD-PARTY COOKIES<\/h4>\n<p style=\"text-align: left;\">We use partners to provide certain services. These partners also use cookies. These cookies are managed by third parties, and we cannot access them to read or extract data from them. Such third-party cookies are usually from systems that deliver advertising or analyse visits. On our website, we do use anonymous identifiers and third-party cookies to target advertising content. These cookies are processed by WOOD &amp; Company on the legal basis of users\u2019 consent, which is valid for 365 days, or until revoked.<\/p>\n<h4 style=\"text-align: left;\">ANALYTICAL COOKIES<\/h4>\n<p style=\"text-align: left;\">Analytical cookies help us to keep improving our website for you by tracking the statistics, e.g., total website traffic, clicks on a specific button, etc. We use Google Analytics, Google AD Sense and Google Tag manager as analytical tools. These cookies are processed by WOOD &amp; Company on the legal basis of users\u2019 consent, which is valid for 365 days, or until revoked.<\/p>\n","protected":false},"excerpt":{"rendered":"<p>The WOOD &amp; Company Group websites use cookies in accordance with the law. WHAT ARE COOKIES? A cookie is a small data file that a website\u2019s server sends to a search engine, which is then stored on the user\u2019s computer. When the user visits the same website again, the search engine sends this data back to the website\u2019s server. Cookies are commonly used to tell users apart, store user settings etc., thereby simplifying website use. Cookies themselves pose no threat to computers. Nonetheless, cookies are important in relation to the [&hellip;]<\/p>\n","protected":false},"author":3,"featured_media":0,"parent":0,"menu_order":0,"comment_status":"closed","ping_status":"closed","template":"cookies.php","meta":{"footnotes":""},"class_list":["post-505","page","type-page","status-publish","hentry"],"yoast_head":"\n<title>Information about cookies and&nbsp;how do we use them - WOOD SPAC One<\/title>\n<meta name=\"robots\" content=\"index, follow, max-snippet:-1, max-image-preview:large, max-video-preview:-1\" \/>\n<link rel=\"canonical\" href=\"https:\/\/www.woodspac.cz\/en\/cookies\/\" \/>\n<meta property=\"og:locale\" content=\"en_US\" \/>\n<meta property=\"og:type\" content=\"article\" \/>\n<meta property=\"og:title\" content=\"Information about cookies and&nbsp;how do we use them - WOOD SPAC One\" \/>\n<meta property=\"og:description\" content=\"The WOOD &amp; Company Group websites use cookies in accordance with the law. WHAT ARE COOKIES? A cookie is a small data file that a website\u2019s server sends to a search engine, which is then stored on the user\u2019s computer. When the user visits the same website again, the search engine sends this data back to the website\u2019s server. Cookies are commonly used to tell users apart, store user settings etc., thereby simplifying website use. Cookies themselves pose no threat to computers. Nonetheless, cookies are important in relation to the [&hellip;]\" \/>\n<meta property=\"og:url\" content=\"https:\/\/www.woodspac.cz\/en\/cookies\/\" \/>\n<meta property=\"og:site_name\" content=\"WOOD SPAC One\" \/>\n<meta property=\"article:modified_time\" content=\"2022-02-03T12:15:06+00:00\" \/>\n<meta name=\"twitter:card\" content=\"summary_large_image\" \/>\n<meta name=\"twitter:label1\" content=\"Est. reading time\" \/>\n\t<meta name=\"twitter:data1\" content=\"3 minutes\" \/>\n<script type=\"application\/ld+json\" class=\"yoast-schema-graph\">{\"@context\":\"https:\/\/schema.org\",\"@graph\":[{\"@type\":\"WebPage\",\"@id\":\"https:\/\/www.woodspac.cz\/en\/cookies\/\",\"url\":\"https:\/\/www.woodspac.cz\/en\/cookies\/\",\"name\":\"Information about cookies and&nbsp;how do we use them - WOOD SPAC One\",\"isPartOf\":{\"@id\":\"https:\/\/www.woodspac.cz\/#website\"},\"datePublished\":\"2021-12-07T12:25:42+00:00\",\"dateModified\":\"2022-02-03T12:15:06+00:00\",\"breadcrumb\":{\"@id\":\"https:\/\/www.woodspac.cz\/en\/cookies\/#breadcrumb\"},\"inLanguage\":\"EN\",\"potentialAction\":[{\"@type\":\"ReadAction\",\"target\":[\"https:\/\/www.woodspac.cz\/en\/cookies\/\"]}]},{\"@type\":\"BreadcrumbList\",\"@id\":\"https:\/\/www.woodspac.cz\/en\/cookies\/#breadcrumb\",\"itemListElement\":[{\"@type\":\"ListItem\",\"position\":1,\"name\":\"Dom\u016f\",\"item\":\"https:\/\/www.woodspac.cz\/en\/\"},{\"@type\":\"ListItem\",\"position\":2,\"name\":\"Information about cookies and&nbsp;how do we use them\"}]},{\"@type\":\"WebSite\",\"@id\":\"https:\/\/www.woodspac.cz\/#website\",\"url\":\"https:\/\/www.woodspac.cz\/\",\"name\":\"WOOD SPAC One\",\"description\":\"Celosv\u011btov\u011b popul\u00e1rn\u00ed investi\u010dn\u00ed koncept SPAC vstupuje  do st\u0159edn\u00ed Evropy\",\"potentialAction\":[{\"@type\":\"SearchAction\",\"target\":{\"@type\":\"EntryPoint\",\"urlTemplate\":\"https:\/\/www.woodspac.cz\/?s={search_term_string}\"},\"query-input\":{\"@type\":\"PropertyValueSpecification\",\"valueRequired\":true,\"valueName\":\"search_term_string\"}}],\"inLanguage\":\"EN\"}]}<\/script>\n","yoast_head_json":{"title":"Information about cookies and&nbsp;how do we use them - WOOD SPAC One","robots":{"index":"index","follow":"follow","max-snippet":"max-snippet:-1","max-image-preview":"max-image-preview:large","max-video-preview":"max-video-preview:-1"},"canonical":"https:\/\/www.woodspac.cz\/en\/cookies\/","og_locale":"en_US","og_type":"article","og_title":"Information about cookies and&nbsp;how do we use them - WOOD SPAC One","og_description":"The WOOD &amp; Company Group websites use cookies in accordance with the law. WHAT ARE COOKIES? A cookie is a small data file that a website\u2019s server sends to a search engine, which is then stored on the user\u2019s computer. When the user visits the same website again, the search engine sends this data back to the website\u2019s server. Cookies are commonly used to tell users apart, store user settings etc., thereby simplifying website use. Cookies themselves pose no threat to computers. Nonetheless, cookies are important in relation to the [&hellip;]","og_url":"https:\/\/www.woodspac.cz\/en\/cookies\/","og_site_name":"WOOD SPAC One","article_modified_time":"2022-02-03T12:15:06+00:00","twitter_card":"summary_large_image","twitter_misc":{"Est. reading time":"3 minutes"},"schema":{"@context":"https:\/\/schema.org","@graph":[{"@type":"WebPage","@id":"https:\/\/www.woodspac.cz\/en\/cookies\/","url":"https:\/\/www.woodspac.cz\/en\/cookies\/","name":"Information about cookies and&nbsp;how do we use them - WOOD SPAC One","isPartOf":{"@id":"https:\/\/www.woodspac.cz\/#website"},"datePublished":"2021-12-07T12:25:42+00:00","dateModified":"2022-02-03T12:15:06+00:00","breadcrumb":{"@id":"https:\/\/www.woodspac.cz\/en\/cookies\/#breadcrumb"},"inLanguage":"EN","potentialAction":[{"@type":"ReadAction","target":["https:\/\/www.woodspac.cz\/en\/cookies\/"]}]},{"@type":"BreadcrumbList","@id":"https:\/\/www.woodspac.cz\/en\/cookies\/#breadcrumb","itemListElement":[{"@type":"ListItem","position":1,"name":"Dom\u016f","item":"https:\/\/www.woodspac.cz\/en\/"},{"@type":"ListItem","position":2,"name":"Information about cookies and&nbsp;how do we use them"}]},{"@type":"WebSite","@id":"https:\/\/www.woodspac.cz\/#website","url":"https:\/\/www.woodspac.cz\/","name":"WOOD SPAC One","description":"Celosv\u011btov\u011b popul\u00e1rn\u00ed investi\u010dn\u00ed koncept SPAC vstupuje do st\u0159edn\u00ed Evropy","potentialAction":[{"@type":"SearchAction","target":{"@type":"EntryPoint","urlTemplate":"https:\/\/www.woodspac.cz\/?s={search_term_string}"},"query-input":{"@type":"PropertyValueSpecification","valueRequired":true,"valueName":"search_term_string"}}],"inLanguage":"EN"}]}},"_links":{"self":[{"href":"https:\/\/www.woodspac.cz\/en\/wp-json\/wp\/v2\/pages\/505","targetHints":{"allow":["GET"]}}],"collection":[{"href":"https:\/\/www.woodspac.cz\/en\/wp-json\/wp\/v2\/pages"}],"about":[{"href":"https:\/\/www.woodspac.cz\/en\/wp-json\/wp\/v2\/types\/page"}],"author":[{"embeddable":true,"href":"https:\/\/www.woodspac.cz\/en\/wp-json\/wp\/v2\/users\/3"}],"replies":[{"embeddable":true,"href":"https:\/\/www.woodspac.cz\/en\/wp-json\/wp\/v2\/comments?post=505"}],"version-history":[{"count":3,"href":"https:\/\/www.woodspac.cz\/en\/wp-json\/wp\/v2\/pages\/505\/revisions"}],"predecessor-version":[{"id":663,"href":"https:\/\/www.woodspac.cz\/en\/wp-json\/wp\/v2\/pages\/505\/revisions\/663"}],"wp:attachment":[{"href":"https:\/\/www.woodspac.cz\/en\/wp-json\/wp\/v2\/media?parent=505"}],"curies":[{"name":"wp","href":"https:\/\/api.w.org\/{rel}","templated":true}]}}